{"id":1790,"date":"2023-11-23T11:38:05","date_gmt":"2023-11-23T11:38:05","guid":{"rendered":"https:\/\/medf.unze.ba\/?page_id=1790"},"modified":"2024-03-14T10:57:52","modified_gmt":"2024-03-14T10:57:52","slug":"pevulos","status":"publish","type":"page","link":"https:\/\/medf.unze.ba\/en\/projects\/pevulos\/","title":{"rendered":"PEVULOS"},"content":{"rendered":"<p><a href=\"https:\/\/pevulos.org\/\" target=\"_blank\" rel=\"noopener\"><img loading=\"lazy\" decoding=\"async\" class=\"size-medium wp-image-1812 alignleft\" src=\"https:\/\/medf.unze.ba\/wp-content\/uploads\/2023\/12\/cropped-download2.png\" alt=\"\" width=\"232\" height=\"69\" \/><\/a><\/p>\n<p><img loading=\"lazy\" decoding=\"async\" class=\"size-full wp-image-1811 alignright\" src=\"https:\/\/medf.unze.ba\/wp-content\/uploads\/2023\/12\/union1.png\" alt=\"\" width=\"276\" height=\"75\" \/><\/p>\n<p>&nbsp;<\/p>\n<p>&nbsp;<\/p>\n<div class=\"elementor-element elementor-element-23c5790 elementor-widget elementor-widget-heading\" data-id=\"23c5790\" data-element_type=\"widget\" data-widget_type=\"heading.default\">\n<div class=\"elementor-widget-container\">\n<h1 class=\"elementor-heading-title elementor-size-default\" style=\"text-align: center;\"><a href=\"https:\/\/pevulos.org\/\" target=\"_blank\" rel=\"noopener\">PEVULOS<\/a><\/h1>\n<\/div>\n<\/div>\n<div class=\"elementor-element elementor-element-0ae2883 elementor-widget elementor-widget-text-editor\" data-id=\"0ae2883\" data-element_type=\"widget\" data-widget_type=\"text-editor.default\">\n<div class=\"elementor-widget-container\">\n<p style=\"text-align: center;\">Development of an innovative postgraduate education program in veterinary public health and food safety in the Western Balkan area<\/p>\n<\/div>\n<section class=\"elementor-section elementor-top-section elementor-element elementor-element-ada4758 elementor-section-full_width elementor-section-height-default elementor-section-height-default\" data-id=\"ada4758\" data-element_type=\"section\">\n<div class=\"elementor-container elementor-column-gap-no\">\n<div class=\"elementor-column elementor-col-100 elementor-top-column elementor-element elementor-element-8027989\" data-id=\"8027989\" data-element_type=\"column\">\n<div class=\"elementor-widget-wrap elementor-element-populated\">\n<section class=\"elementor-section elementor-inner-section elementor-element elementor-element-3660421 elementor-section-full_width elementor-section-height-default elementor-section-height-default\" data-id=\"3660421\" data-element_type=\"section\">\n<div class=\"elementor-container elementor-column-gap-no\">\n<div class=\"elementor-column elementor-col-100 elementor-inner-column elementor-element elementor-element-451b23b\" data-id=\"451b23b\" data-element_type=\"column\">\n<div class=\"elementor-widget-wrap elementor-element-populated\">\n<div class=\"elementor-element elementor-element-b3c77f1 elementor-widget elementor-widget-heading\" data-id=\"b3c77f1\" data-element_type=\"widget\" data-widget_type=\"heading.default\">\n<div class=\"elementor-widget-container\">\n<h5 class=\"elementor-heading-title elementor-size-default\">The main aim of the project is to develop innovative post-graduate and Master&#039;s degree education programs in veterinary public health and food safety for the first time in English, to bring these countries closer to EU standards in matters of education and public health.<\/h5>\n<\/div>\n<\/div>\n<\/div>\n<\/div>\n<\/div>\n<\/section>\n<\/div>\n<\/div>\n<\/div>\n<\/section>\n<section class=\"elementor-section elementor-top-section elementor-element elementor-element-a0dc425 elementor-section-boxed elementor-section-height-default elementor-section-height-default\" data-id=\"a0dc425\" data-element_type=\"section\">\n<div class=\"elementor-container elementor-column-gap-default\">\n<div class=\"elementor-column elementor-col-100 elementor-top-column elementor-element elementor-element-dabfd27\" data-id=\"dabfd27\" data-element_type=\"column\">\n<div class=\"elementor-widget-wrap elementor-element-populated\">\n<div class=\"elementor-element elementor-element-9587cf3 elementor-widget elementor-widget-text-editor\" data-id=\"9587cf3\" data-element_type=\"widget\" data-widget_type=\"text-editor.default\">\n<div class=\"elementor-widget-container\">\n<p><strong>Project leader:\u00a0<\/strong>Universita degli Studi Di Milano<\/p>\n<p><strong>Beneficiary:\u00a0<\/strong>Universidade Do Porto, Universiteti &quot;Fan S. Noli&quot;, Kor\u00e7\u00eb, Universiteti Bujq\u00ebsor i Tiran\u00ebs, University of Zenica; University in Sarajevo<\/p>\n<p>Project web \u2013 site: https:\/\/pevulos.org\/<\/p>\n<div id=\"content\" class=\"site-content\">\n<div class=\"ast-container\">\n<div id=\"primary\" class=\"content-area primary\">\n<p>&nbsp;<\/p>\n<article id=\"post-1981\" class=\"post-1981 page type-page status-publish ast-article-single\">\n<div class=\"entry-content clear\">\n<div class=\"elementor elementor-1981\" data-elementor-type=\"wp-page\" data-elementor-id=\"1981\">\n<section class=\"elementor-section elementor-top-section elementor-element elementor-element-3767812 elementor-section-boxed elementor-section-height-default elementor-section-height-default\" data-id=\"3767812\" data-element_type=\"section\">\n<div class=\"elementor-container elementor-column-gap-default\">\n<div class=\"elementor-column elementor-col-66 elementor-top-column elementor-element elementor-element-2502406\" data-id=\"2502406\" data-element_type=\"column\">\n<div class=\"elementor-widget-wrap elementor-element-populated\">\n<div class=\"elementor-element elementor-element-ad04e99 elementor-widget__width-initial elementor-widget elementor-widget-text-editor\" data-id=\"ad04e99\" data-element_type=\"widget\" data-widget_type=\"text-editor.default\">\n<div class=\"elementor-widget-container\">\n<p>Considering Albania and Bosnia and Herzegovina&#039;s will to access the EU, and the existing gaps with the EU acquis, the main aim of our project is to develop innovative post-graduate and Master&#039;s degree education programs in veterinary public health and food safety for the first time in English, to bring these countries closer to EU standards in matters of education and public health. The specific objectives<br \/>\nare to improve:<\/p>\n<p>I) the quality of higher education through innovative teaching\/learning techniques and establishing English courses;<\/p>\n<p>II) the knowledge and skills in disciplines relevant to public health, veterinary medicine and animal production, reducing the discrepancy between training and labor market demands;<\/p>\n<p>III) the international relations as well as the networks among institutions, agencies<br \/>\nand universities;<\/p>\n<p>IV) the digital transformation. The innovative didactical activities provided are Teach the Teacher method, b-learning (multimedia classroom upgrade), summer schools, e-platform creation, and international weeks.<\/p>\n<p>The beneficiary for the project will be 28 university lecturers and 24 students from the 4 partner country universities, university lectures&#039; colleagues, future students, the 4 university communities, and, indirectly, the stakeholders and citizens of the involved countries.<\/p>\n<p>The expected results will be: the creation of the post-graduate school and a Master, the digital modernization of the universities and their international activity improvement, the enhancement of the teaching activity quality, the creation of new modules or curricula on veterinary public health and food safety, the training of a critical mass of experts with up to date knowledge, and skills and the improvement of the citizens and legislators&#039; awareness in these fields. All project outcomes will contribute to bringing the Western Balkan area closer to EU public health standards and will empower universities as key actors of change in green and digital transition.<\/p>\n<\/div>\n<\/div>\n<\/div>\n<\/div>\n<\/div>\n<\/section>\n<\/div>\n<\/div>\n<\/article>\n<p>&nbsp;<\/p>\n<\/div>\n<\/div>\n<\/div>\n<footer id=\"colophon\" class=\"site-footer\">\n<div class=\"site-primary-footer-wrap ast-builder-grid-row-container site-footer-focus-item ast-builder-grid-row-3-lheavy ast-builder-grid-row-tablet-3-lheavy ast-builder-grid-row-mobile-full ast-footer-row-stack ast-footer-row-tablet-stack ast-footer-row-mobile-stack\" data-section=\"section-primary-footer-builder\">\n<div class=\"ast-builder-grid-row-container-inner\">\n<div class=\"ast-builder-footer-grid-columns site-primary-footer-inner-wrap ast-builder-grid-row\">\n<div class=\"site-footer-primary-section-1 site-footer-section site-footer-section-1\"><\/div>\n<div class=\"site-footer-primary-section-2 site-footer-section site-footer-section-2\"><\/div>\n<div class=\"site-footer-primary-section-3 site-footer-section site-footer-section-3\">\n<div class=\"footer-widget-area widget-area site-footer-focus-item ast-footer-html-1\" data-section=\"section-fb-html-1\">\n<div class=\"ast-header-html inner-link-style-\">\n<div class=\"ast-builder-html-element\"><\/div>\n<\/div>\n<\/div>\n<\/div>\n<\/div>\n<\/div>\n<\/div>\n<\/footer>\n<\/div>\n<\/div>\n<\/div>\n<\/div>\n<\/div>\n<\/section>\n<\/div>","protected":false},"excerpt":{"rendered":"<p>&nbsp; &nbsp; PEVULOS Development of an innovative postgraduate education program in veterinary public health and food safety in Western Balkan area The main aim of the project is to develop innovative post-graduate and Master&#039;s degree education programs in veterinary public...<\/p>","protected":false},"author":3,"featured_media":1812,"parent":92,"menu_order":0,"comment_status":"closed","ping_status":"closed","template":"templates\/no-sidebar.php","meta":{"footnotes":""},"class_list":["post-1790","page","type-page","status-publish","has-post-thumbnail","hentry","entry","has-media"],"_links":{"self":[{"href":"https:\/\/medf.unze.ba\/en\/wp-json\/wp\/v2\/pages\/1790","targetHints":{"allow":["GET"]}}],"collection":[{"href":"https:\/\/medf.unze.ba\/en\/wp-json\/wp\/v2\/pages"}],"about":[{"href":"https:\/\/medf.unze.ba\/en\/wp-json\/wp\/v2\/types\/page"}],"author":[{"embeddable":true,"href":"https:\/\/medf.unze.ba\/en\/wp-json\/wp\/v2\/users\/3"}],"replies":[{"embeddable":true,"href":"https:\/\/medf.unze.ba\/en\/wp-json\/wp\/v2\/comments?post=1790"}],"version-history":[{"count":4,"href":"https:\/\/medf.unze.ba\/en\/wp-json\/wp\/v2\/pages\/1790\/revisions"}],"predecessor-version":[{"id":1825,"href":"https:\/\/medf.unze.ba\/en\/wp-json\/wp\/v2\/pages\/1790\/revisions\/1825"}],"up":[{"embeddable":true,"href":"https:\/\/medf.unze.ba\/en\/wp-json\/wp\/v2\/pages\/92"}],"wp:featuredmedia":[{"embeddable":true,"href":"https:\/\/medf.unze.ba\/en\/wp-json\/wp\/v2\/media\/1812"}],"wp:attachment":[{"href":"https:\/\/medf.unze.ba\/en\/wp-json\/wp\/v2\/media?parent=1790"}],"curies":[{"name":"wp","href":"https:\/\/api.w.org\/{rel}","templated":true}]}}