{"id":1792,"date":"2023-11-23T11:38:17","date_gmt":"2023-11-23T11:38:17","guid":{"rendered":"https:\/\/medf.unze.ba\/?page_id=1792"},"modified":"2024-04-04T10:59:42","modified_gmt":"2024-04-04T10:59:42","slug":"problems","status":"publish","type":"page","link":"https:\/\/medf.unze.ba\/en\/projects\/problems\/","title":{"rendered":"PROBLEMS"},"content":{"rendered":"<p><img loading=\"lazy\" decoding=\"async\" class=\"alignnone size-medium wp-image-1815 aligncenter\" src=\"https:\/\/medf.unze.ba\/wp-content\/uploads\/2023\/12\/novilogo-300x102.jpg\" alt=\"\" width=\"300\" height=\"102\" srcset=\"https:\/\/medf.unze.ba\/wp-content\/uploads\/2023\/12\/novilogo-300x102.jpg 300w, https:\/\/medf.unze.ba\/wp-content\/uploads\/2023\/12\/novilogo.jpg 500w\" sizes=\"auto, (max-width: 300px) 100vw, 300px\" \/><\/p>\n<p>&nbsp;<\/p>\n<p><strong>About the project<\/strong><\/p>\n<p>DEVELOPMENT AND IMPLEMENTATION OF METACOGNITIVE PROBLEM-BASED MODULES IN BLENDED LEARNING COURSES IN MEDICAL SCIENCES<\/p>\n<p>Call: ERASMUS-EDU-2022-CBHE<br \/>\nAcronym: ProBLeMS<br \/>\nProject Number: 101082790<br \/>\nProject duration: 36 months<br \/>\nBudget: 536,468 Eur<\/p>\n<p><strong>Beneficiaries<\/strong><\/p>\n<figure class=\"wp-block-table\">\n<table>\n<tbody>\n<tr>\n<td><strong>University of East Sarajevo-coordinator<\/strong><\/td>\n<\/tr>\n<tr>\n<td><strong>University of Banja Luka - partner<\/strong><\/td>\n<\/tr>\n<tr>\n<td><strong>University of\u00a0<\/strong><strong>Pupil<\/strong><strong>-partner<\/strong><\/td>\n<\/tr>\n<tr>\n<td><strong>International Business College Mitrovica<\/strong><strong>-partner<\/strong><\/td>\n<\/tr>\n<tr>\n<td><strong>University of Pristina Kosovska Mitrovica<\/strong><strong>-partner<\/strong><\/td>\n<\/tr>\n<tr>\n<td><strong>University of Montenegro<\/strong><strong>-partner<\/strong><\/td>\n<\/tr>\n<tr>\n<td><strong>University of Belgrade<\/strong><strong>-partner<\/strong><\/td>\n<\/tr>\n<tr>\n<td><strong>Medical University of Innsbruck<\/strong><strong>-partner<\/strong><\/td>\n<\/tr>\n<tr>\n<td><strong>Institute of Public Health of Montenegro<\/strong><strong>-partner<\/strong><\/td>\n<\/tr>\n<tr>\n<td><strong>Association for Biomedical Informatics and Statistics of Republika Srpska - partner<\/strong><\/td>\n<\/tr>\n<\/tbody>\n<\/table>\n<\/figure>\n<p><strong>Objectives<\/strong><\/p>\n<p>The main goal of this project is to improve the education of doctors in higher education institutions in the Western Balkans (WBC HEIs) in accordance with societal needs, with the support of higher education institutions from the European Union (EU HEIs) in the development and implementation of a new learning model.<\/p>\n<p><strong>Specific project goals<\/strong><\/p>\n<p>Enable students to use conceptual, procedural and metacognitive knowledge in order to solve real problems, by implementing a new learning model<\/p>\n<p>Develop the capacity of WBC HEIs to further enhance blended learning through collaboration with and cooperation with EU universities.<\/p>\n<hr \/>\n<p>Dissemination activity 03\/14\/2024.<\/p>\n<p>&nbsp;<\/p>\n<p>The University of Zenica, i.e. the Faculty of Medicine, organized the first dissemination event for the Problems project. This event was attended by 22 associates of the Faculty of Medicine of the University of Zenica from the Health Care study program. Dissemination was held on March 14, 2024. in which Prof. Dejan Bokonji\u0107, Ph.D. and Mirza Oru\u010d, Prof. Ph.D. and Prof. Adnan Mujezinovi\u0107, Ph.D., held a series of presentations on both the project and activities, as well as new methods of metacognitive learning such as PBL. The attendees responded very well to these presentations and most of the attendees are part of the working groups that will work on creating new ways of metacognitive learning in the Health Care study program.<\/p>\n<p>&nbsp;<\/p>\n<p><img loading=\"lazy\" decoding=\"async\" class=\"size-medium wp-image-1831 aligncenter\" src=\"https:\/\/medf.unze.ba\/wp-content\/uploads\/2024\/04\/1712225867153-300x135.jpg\" alt=\"\" width=\"300\" height=\"135\" srcset=\"https:\/\/medf.unze.ba\/wp-content\/uploads\/2024\/04\/1712225867153-300x135.jpg 300w, https:\/\/medf.unze.ba\/wp-content\/uploads\/2024\/04\/1712225867153-1024x461.jpg 1024w, https:\/\/medf.unze.ba\/wp-content\/uploads\/2024\/04\/1712225867153-768x346.jpg 768w, https:\/\/medf.unze.ba\/wp-content\/uploads\/2024\/04\/1712225867153-1536x691.jpg 1536w, https:\/\/medf.unze.ba\/wp-content\/uploads\/2024\/04\/1712225867153-2048x922.jpg 2048w, https:\/\/medf.unze.ba\/wp-content\/uploads\/2024\/04\/1712225867153-18x8.jpg 18w\" sizes=\"auto, (max-width: 300px) 100vw, 300px\" \/><img loading=\"lazy\" decoding=\"async\" class=\"size-medium wp-image-1832 aligncenter\" src=\"https:\/\/medf.unze.ba\/wp-content\/uploads\/2024\/04\/IMG-670f7b756dc910af9620ac31b2fed9cd-V-300x225.jpg\" alt=\"\" width=\"300\" height=\"225\" srcset=\"https:\/\/medf.unze.ba\/wp-content\/uploads\/2024\/04\/IMG-670f7b756dc910af9620ac31b2fed9cd-V-300x225.jpg 300w, https:\/\/medf.unze.ba\/wp-content\/uploads\/2024\/04\/IMG-670f7b756dc910af9620ac31b2fed9cd-V-1024x768.jpg 1024w, https:\/\/medf.unze.ba\/wp-content\/uploads\/2024\/04\/IMG-670f7b756dc910af9620ac31b2fed9cd-V-768x576.jpg 768w, https:\/\/medf.unze.ba\/wp-content\/uploads\/2024\/04\/IMG-670f7b756dc910af9620ac31b2fed9cd-V-1536x1152.jpg 1536w, https:\/\/medf.unze.ba\/wp-content\/uploads\/2024\/04\/IMG-670f7b756dc910af9620ac31b2fed9cd-V-16x12.jpg 16w, https:\/\/medf.unze.ba\/wp-content\/uploads\/2024\/04\/IMG-670f7b756dc910af9620ac31b2fed9cd-V.jpg 1600w\" sizes=\"auto, (max-width: 300px) 100vw, 300px\" \/><\/p>","protected":false},"excerpt":{"rendered":"<p>&nbsp; About project DEVELOPMENT AND IMPLEMENTATION OF METACOGNITIVE PROBLEM-BASED MODULES IN BLENDED LEARNING COURSES IN MEDICAL SCIENCES Call: ERASMUS-EDU-2022-CBHE Acronym: ProBLeMS Project Number: 101082790 Project duration: 36 months Budget: 536,468 Eur Beneficiaries University of East Sarajevo-coordinator University of Banja Luka...<\/p>","protected":false},"author":3,"featured_media":0,"parent":92,"menu_order":0,"comment_status":"closed","ping_status":"closed","template":"templates\/no-sidebar.php","meta":{"footnotes":""},"class_list":["post-1792","page","type-page","status-publish","hentry","entry","no-media"],"_links":{"self":[{"href":"https:\/\/medf.unze.ba\/en\/wp-json\/wp\/v2\/pages\/1792","targetHints":{"allow":["GET"]}}],"collection":[{"href":"https:\/\/medf.unze.ba\/en\/wp-json\/wp\/v2\/pages"}],"about":[{"href":"https:\/\/medf.unze.ba\/en\/wp-json\/wp\/v2\/types\/page"}],"author":[{"embeddable":true,"href":"https:\/\/medf.unze.ba\/en\/wp-json\/wp\/v2\/users\/3"}],"replies":[{"embeddable":true,"href":"https:\/\/medf.unze.ba\/en\/wp-json\/wp\/v2\/comments?post=1792"}],"version-history":[{"count":4,"href":"https:\/\/medf.unze.ba\/en\/wp-json\/wp\/v2\/pages\/1792\/revisions"}],"predecessor-version":[{"id":1833,"href":"https:\/\/medf.unze.ba\/en\/wp-json\/wp\/v2\/pages\/1792\/revisions\/1833"}],"up":[{"embeddable":true,"href":"https:\/\/medf.unze.ba\/en\/wp-json\/wp\/v2\/pages\/92"}],"wp:attachment":[{"href":"https:\/\/medf.unze.ba\/en\/wp-json\/wp\/v2\/media?parent=1792"}],"curies":[{"name":"wp","href":"https:\/\/api.w.org\/{rel}","templated":true}]}}