{"id":63,"date":"2016-10-08T04:54:28","date_gmt":"2016-10-08T04:54:28","guid":{"rendered":"https:\/\/medf.unze.ba\/?page_id=63"},"modified":"2025-10-15T07:14:30","modified_gmt":"2025-10-15T07:14:30","slug":"nastavnicki-tim-odsjeka-zdravstvena-njega","status":"publish","type":"page","link":"https:\/\/medf.unze.ba\/en\/teaching-team-of-the-health-care-department\/","title":{"rendered":"The teaching team of the Department of Health Care"},"content":{"rendered":"<p style=\"text-align: center;\"><strong><u>STUDY PROGRAM: HEALTHCARE<\/u><\/strong><\/p>\n<p><strong>\u00a0<\/strong><\/p>\n<p><strong>AND SEMESTER<\/strong><\/p>\n<p><strong>\u00a0<\/strong><\/p>\n<table width=\"633\">\n<tbody>\n<tr>\n<td width=\"172\"><strong>Subject<\/strong><\/td>\n<td width=\"225\"><strong>Teacher<\/strong><\/td>\n<td width=\"236\"><strong>Collaborator<\/strong><\/td>\n<\/tr>\n<tr>\n<td width=\"172\">Anatomy and histology<\/td>\n<td width=\"225\">Prof. Dr. Sc. Amir Denjali\u0107*<\/p>\n<p>Prof. Adnan Mujezinovi\u0107, Ph.D<\/p>\n<p>Kenan Galija\u0161evi\u0107, PhD, doc.<\/td>\n<td width=\"236\">Prof. Adnan Mujezinovi\u0107, Ph.D<\/p>\n<p>Kenan Galija\u0161evi\u0107, PhD, doc.<\/td>\n<\/tr>\n<tr>\n<td width=\"172\">Principles of health care with history<\/p>\n<p>&nbsp;<\/td>\n<td width=\"225\">Mirza Oru\u010d, PhD*<\/td>\n<td width=\"236\"><u>Assistants:<\/u><\/p>\n<p>Belma Sljivo, MA<\/p>\n<p>Martina Mari\u0107, graduate med nurse<\/p>\n<p>Amina Helvida Lu\u0161ija, MA<\/td>\n<\/tr>\n<tr>\n<td width=\"172\">Medical psychology and psychopathology<\/td>\n<td width=\"225\">Prof. Ph.D.Sc. Edin Bjelo\u0161evi\u0107<\/td>\n<td width=\"236\">\/\/\/<\/td>\n<\/tr>\n<tr>\n<td width=\"172\">Medical biochemistry<\/td>\n<td width=\"225\">Jasmina Maru\u0161i\u0107, PhD, Assistant Professor<\/td>\n<td width=\"236\">Assistant Professor Jasmina Maru\u0161i\u0107, Ph.D.<\/p>\n<p>Mirela Softi\u0107, laboratory assistant<\/td>\n<\/tr>\n<tr>\n<td width=\"172\">Medical physiology<\/td>\n<td width=\"225\">Prof. Ph.D.Sc. Besim Prnjavorac<\/td>\n<td width=\"236\">Assistant Professor Jasmina Maru\u0161i\u0107, PhD<\/p>\n<p><u>\u00a0<\/u><\/td>\n<\/tr>\n<tr>\n<td width=\"172\">Medical sociology<\/td>\n<td width=\"225\">Prof. Ph.D.Sc. Bernard Harba\u0161<\/td>\n<td width=\"236\">&nbsp;<\/p>\n<p>&#8212;<\/td>\n<\/tr>\n<tr>\n<td width=\"172\">Communication skills<\/td>\n<td width=\"225\">Prof. Ph.D.Sc. Damir Kuki\u0107<\/p>\n<p>&nbsp;<\/td>\n<td width=\"236\"><\/td>\n<\/tr>\n<tr>\n<td width=\"172\">Humane relations between the sexes\/ optional<\/td>\n<td width=\"225\">Prof. Dr. Nusreta Kepe\u0161<\/p>\n<p>&nbsp;<\/td>\n<td width=\"236\">&#8211;<\/td>\n<\/tr>\n<tr>\n<td width=\"172\">Technology in Medicine\/Elective<\/td>\n<td width=\"225\">Prof. Dr. Sc. Suad Sivic<\/td>\n<td width=\"236\">Prof. Dr. Sc. Suad Sivic<\/td>\n<\/tr>\n<tr>\n<td width=\"172\">English Language\/Elective<\/td>\n<td width=\"225\">Prof. Dr. Adnan Bujak<\/td>\n<td width=\"236\"><u>Assistant<\/u><\/p>\n<p>Angela Rados<\/td>\n<\/tr>\n<tr>\n<td width=\"172\">German language I \/ optional<\/td>\n<td width=\"225\">Prof. Almina Lisi\u010di\u0107 Hed\u017ei\u0107, Ph.D<\/td>\n<td width=\"236\"><u>Senior Assistant<\/u><\/p>\n<p>Lamija Ekinovi\u0107, MA<\/td>\n<\/tr>\n<\/tbody>\n<\/table>\n<p><strong>\u00a0<\/strong><strong>\u00a0<\/strong><strong>II SEMESTER<\/strong><\/p>\n<p><strong>\u00a0<\/strong><\/p>\n<table width=\"633\">\n<tbody>\n<tr>\n<td width=\"182\"><strong>Subject<\/strong><\/td>\n<td width=\"215\"><strong>Teacher<\/strong><\/td>\n<td width=\"236\"><strong>Collaborator<\/strong><\/td>\n<\/tr>\n<tr>\n<td width=\"182\">Anatomy II<\/td>\n<td width=\"215\">Prof. Ph.D.Sc. Adnan Mujezinovic*<\/p>\n<p>Kenan Galija\u0161evi\u0107, PhD, doc.<\/p>\n<p>&nbsp;<\/td>\n<td width=\"236\">Prof. Dr. Sc. Adnan Mujezinovi\u0107<\/p>\n<p>Associate Professor Kenan Galija\u0161evi\u0107, Ph.D<\/td>\n<\/tr>\n<tr>\n<td width=\"182\">Medical ethics with health promotion<\/td>\n<td width=\"215\">Prof. Edin Selimovi\u0107, PhD*<\/p>\n<p>Assistant Professor Mirza Oru\u010d, Ph.D<\/td>\n<td width=\"236\"><u>Assistants:<\/u><\/p>\n<p>Belma Sljivo, MA<\/p>\n<p>Martina Mari\u0107, graduate med nurse<\/p>\n<p>Amina Helvida-Lushija, MA<\/td>\n<\/tr>\n<tr>\n<td width=\"182\">Medical informatics<\/td>\n<td width=\"215\">Prof. Dr. Sc. \u0110ulaga Had\u017ei\u0107<\/td>\n<td width=\"236\"><u>Senior Assistant<\/u><\/p>\n<p>Sanela Mujic<\/td>\n<\/tr>\n<tr>\n<td width=\"182\">Microbiology and immunology<\/p>\n<p>&nbsp;<\/td>\n<td width=\"215\">Sabina \u0160esti\u0107, PhD, assistant professor*<\/p>\n<p>Prof. Dr. Amir Ibrahimagi\u0107<\/p>\n<p>&nbsp;<\/td>\n<td width=\"236\">assistant professor Sabina \u0160esti\u0107, Ph.D<\/p>\n<p>Prof. Dr. Sc. Amir Ibrahimagi\u0107<\/p>\n<p><u>Assistant:<\/u><\/p>\n<p>Aida Hatibovi\u0107, MD<\/p>\n<p><u>practice expert:<\/u><\/p>\n<p><u>Selma Be\u010di\u0107, MD<\/u><\/td>\n<\/tr>\n<tr>\n<td width=\"182\">Pathology<\/td>\n<td width=\"215\">Prof. Ph.D.Sc. Slavisa \u0110uri\u010di\u0107<\/p>\n<p>&nbsp;<\/td>\n<td width=\"236\">&#8211;<\/td>\n<\/tr>\n<tr>\n<td width=\"182\">Pathophysiology<\/td>\n<td width=\"215\">Prof. Ph.D.Sc. Besim Prnjavorac<\/td>\n<td width=\"236\"><u>Expert in practice<\/u><\/p>\n<p>Admir Isakovi\u0107, MD<\/td>\n<\/tr>\n<tr>\n<td width=\"182\">Nursing clinical skills<\/td>\n<td width=\"215\">Assoc. Ph.D.Sc. Mirza Oruch<\/td>\n<td width=\"236\"><u>Assistants:<\/u><\/p>\n<p>Belma Sljivo, MA<\/p>\n<p>Martina Mari\u0107, graduate med nurse<\/p>\n<p>Amina Helvida-Lu\u0161ija, BA nurse<\/td>\n<\/tr>\n<tr>\n<td width=\"182\">Health pedagogy\/elective<\/td>\n<td width=\"215\">Prof. Ph.D.Sc. Nusreta Kepes<\/p>\n<p>&nbsp;<\/td>\n<td width=\"236\">&#8211;<\/td>\n<\/tr>\n<tr>\n<td width=\"182\">Physical education\/elective<\/td>\n<td width=\"215\">Prof. Dr. Aleksa Stankovi\u0107<\/td>\n<td width=\"236\"><u>Practice expert:<\/u><\/p>\n<p>Kenan Ekmescic<\/td>\n<\/tr>\n<tr>\n<td width=\"182\">Reproductive Health\/Elective<\/td>\n<td width=\"215\">Prof. Harun Hod\u017ei\u0107, Ph.D<\/p>\n<p>&nbsp;<\/td>\n<td width=\"236\">Prof. Harun Hod\u017ei\u0107, Ph.D<\/p>\n<p><u>Senior Assistant:<\/u><\/p>\n<p>Belma Plum<\/td>\n<\/tr>\n<\/tbody>\n<\/table>\n<p><strong>\u00a0<\/strong><strong>\u00a0<\/strong><strong>III SEMESTER<\/strong><\/p>\n<p><strong>\u00a0<\/strong><\/p>\n<table width=\"633\">\n<tbody>\n<tr>\n<td width=\"163\"><strong>Subject<\/strong><\/td>\n<td width=\"234\"><strong>Teacher<\/strong><\/td>\n<td width=\"236\"><strong>Collaborator<\/strong><\/td>\n<\/tr>\n<tr>\n<td width=\"163\">Internal medicine with care<\/td>\n<td width=\"234\">Assoc. Ph.D.Sc. Vildana Torlak Arnautovi\u0107*<\/p>\n<p>Prof. Ph.D.Sc. Belma Pojski\u0107<\/p>\n<p>Prof. Ph.D.Sc. Rifat Sejdinovi\u0107<\/p>\n<p>Assoc. Ph.D.Sc. Ekrema Mujari\u0107<\/p>\n<p>assistant professor Davorka Dautbegovi\u0107, Ph.D<\/p>\n<p>assistant professor Lamija Ferhatbegovi\u0107, Ph.D<\/td>\n<td width=\"236\"><u>Experts from practice<\/u><\/p>\n<p>Selma \u010colakovi\u0107, MA<\/p>\n<p>Sabina Deli\u0107, graduate med nurse<\/p>\n<p>Adnan Mura\u010devi\u0107, Bachelor of Med Tech<\/p>\n<p>Amela Osmanli\u0107, graduate med nurse<\/td>\n<\/tr>\n<tr>\n<td width=\"163\">Pediatrics with care<\/td>\n<td width=\"234\">Prof. Ph.D.Sc. Almira Cosickic<\/td>\n<td width=\"236\"><u>Experts from practice: <\/u><\/p>\n<p>Bedak Amela, MA<\/p>\n<p>Miralem Isakovi\u0107, MA<\/p>\n<p>Aida Baru\u010dija, MA<\/td>\n<\/tr>\n<tr>\n<td width=\"163\">Neurology with care<\/td>\n<td width=\"234\">Prof. Ph.D.Sc. Dzhevdet Smajlovi\u0107*<\/p>\n<p>Prof. Dr. Sc. Omer Ibrahimagi\u0107<\/td>\n<td width=\"236\"><u>Assistants:<\/u><\/p>\n<p>Lejla Tandir, MD<\/p>\n<p>Samra Vukas, MD<\/p>\n<p><u>Experts from practice: <\/u><\/p>\n<p>Admira Sinanovi\u0107, BA nurse<\/p>\n<p>Nermina Pa\u0161ali\u0107, graduate med nurse<\/p>\n<p>Senada \u010cabaravdi\u0107, Bachelor of Medicine, Nurse<\/td>\n<\/tr>\n<tr>\n<td width=\"163\">Emergency medicine<\/td>\n<td width=\"234\">Prof. Alma Meki\u0107-Abazovi\u0107, PhD*<\/p>\n<p>Prof. Dr. Sc. Enes Hod\u017ei\u0107<\/p>\n<p>&nbsp;<\/td>\n<td width=\"236\"><u>Practice expert: <\/u><\/p>\n<p>Amila Smajlagi\u0107, dip med sister<\/p>\n<p>Elma Sobo, VMS<\/p>\n<p>Melita Leli\u0107, MA<\/td>\n<\/tr>\n<tr>\n<td width=\"163\">Pharmacology with toxicology<\/td>\n<td width=\"234\">Prof. Dr. Sc. Dragana Sokolovi\u0107*<\/p>\n<p>Prof. Dr. Sc. Dragana Drakul<\/td>\n<td width=\"236\">Assistant Professor Dragana Sokolovi\u0107, Ph.D<\/p>\n<p>Assistant Professor Dragana Drakul<\/td>\n<\/tr>\n<tr>\n<td width=\"163\">Nursing clinical skills I<\/td>\n<td width=\"234\">Prof. Ph.D. Adnan Mujezinovic<\/td>\n<td width=\"236\"><u>Assistant:<\/u><\/p>\n<p>Belma Sljivo, MA<\/td>\n<\/tr>\n<tr>\n<td width=\"163\">Intrahospital infections and sanitary protection\/elective<\/td>\n<td width=\"234\">Associate Professor Sabina \u0160esti\u0107, Ph.D<\/td>\n<td width=\"236\">&#8211;<\/td>\n<\/tr>\n<tr>\n<td width=\"163\">Legal Aspects in Health\/Nursing\/Elective<\/td>\n<td width=\"234\">Prof. Dr. Sc. D\u017eevad Drino<\/td>\n<td width=\"236\">&#8211;<\/td>\n<\/tr>\n<tr>\n<td width=\"163\">Dermatology\/elective<\/td>\n<td width=\"234\">Prof. Irdina Drljevi\u0107, PhD<\/td>\n<td width=\"236\">&#8211;<\/p>\n<p>&nbsp;<\/td>\n<\/tr>\n<\/tbody>\n<\/table>\n<p><strong>\u00a0<\/strong><strong>\u00a0<\/strong><strong>IV SEMESTER<\/strong><\/p>\n<p><strong>\u00a0<\/strong><\/p>\n<table>\n<tbody>\n<tr>\n<td width=\"142\"><strong>Subject<\/strong><\/td>\n<td width=\"255\"><strong>Teacher<\/strong><\/td>\n<td width=\"225\"><strong>Collaborator<\/strong><\/td>\n<\/tr>\n<tr>\n<td width=\"142\">Surgery with care<\/p>\n<p>&nbsp;<\/p>\n<p>&nbsp;<\/td>\n<td width=\"255\">Prof. Dr. Harun Hod\u017ei\u0107*<\/p>\n<p>Prof. Ph.D.Sc. Amir Denjali\u0107<\/p>\n<p>&nbsp;<\/td>\n<td width=\"225\"><u>Experts from practice: <\/u><\/p>\n<p>Irma Gani\u0107, Bachelor of Med<\/p>\n<p>Fatima Grahi\u0107, Bachelor of Med<\/p>\n<p>Miralem Isakovi\u0107, MA<\/p>\n<p>Selma Mujkanovi\u0107, VMS<\/td>\n<\/tr>\n<tr>\n<td width=\"142\">Gynecology and obstetrics with care<\/td>\n<td width=\"255\">Ermin \u010cehi\u0107, PhD, Assoc. Prof.*<\/p>\n<p>Jasmin Hod\u017ei\u0107, PhD, assistant professor<\/p>\n<p>Larisa Me\u0161i\u0107, PhD, assistant professor<\/p>\n<p>Anis Cerovac, PhD, assistant professor<\/td>\n<td width=\"225\"><u>Experts from practice: <\/u><\/p>\n<p>Armina Babi\u0107, MA<\/p>\n<p>D\u017eejna Muli\u0107, BA nurse<\/p>\n<p>Enisa Turali\u0107, VMS<\/td>\n<\/tr>\n<tr>\n<td width=\"142\">Psychiatry with care<\/td>\n<td width=\"255\">Prof. Ph.D.Sc. Edin Bjelo\u0161evi\u0107<\/td>\n<td width=\"225\"><u>Senior Assistant:<\/u><\/p>\n<p>Belma Sljivo, MA<\/p>\n<p><u>Assistant:<\/u><\/p>\n<p>Belma Sadiba\u0161i\u0107, MD<\/p>\n<p><u>Experts from practice: <\/u><\/p>\n<p>Gordana Lastri\u0107, MD<\/p>\n<p>Nejla Medjuseljac, MA<\/td>\n<\/tr>\n<tr>\n<td width=\"142\">Nursing documentation<\/td>\n<td width=\"255\">Assistant Professor Mirza Oru\u010d, Ph.D<\/td>\n<td width=\"225\">Assistant:<\/p>\n<p>Martina Maric<\/td>\n<\/tr>\n<tr>\n<td width=\"142\">Nursing clinical skills II<\/td>\n<td width=\"255\">Assoc. Ph.D.Sc. Mirza Oruch<\/td>\n<td width=\"225\"><u>Assistant:<\/u><\/p>\n<p>Amina Helvida-Lushija, MA<\/td>\n<\/tr>\n<tr>\n<td width=\"142\">English Language\/Elective<\/td>\n<td width=\"255\">Prof. Dr. Adnan Bujak<\/td>\n<td width=\"225\"><u>Assistant<\/u><\/p>\n<p>Angela Rados<\/td>\n<\/tr>\n<tr>\n<td width=\"142\">German language II \/ optional<\/td>\n<td width=\"255\">Prof. Dr. Sc. Amela \u0106urkovi\u0107<\/td>\n<td width=\"225\"><u>Senior Assistant<\/u><\/p>\n<p>Lamija Ekinovi\u0107, MA<\/td>\n<\/tr>\n<tr>\n<td width=\"142\">Surgery with care II\/elective<\/td>\n<td width=\"255\">Prof. Ph.D.Sc. Harun Hodzic<\/p>\n<p>&nbsp;<\/td>\n<td width=\"225\">&#8211;<\/td>\n<\/tr>\n<tr>\n<td width=\"142\">Pediatrics with care II\/elective<\/td>\n<td width=\"255\">Prof. Dejan Bokonji\u0107, Ph.D<\/td>\n<td width=\"225\">&#8211;<\/td>\n<\/tr>\n<\/tbody>\n<\/table>\n<p><strong>\u00a0<\/strong><strong>V SEMESTER<\/strong><\/p>\n<p><strong>\u00a0<\/strong><\/p>\n<table>\n<tbody>\n<tr>\n<td width=\"170\"><strong>Subject<\/strong><\/td>\n<td width=\"217\"><strong>Teacher<\/strong><\/td>\n<td width=\"234\"><strong>Collaborator<\/strong><\/td>\n<\/tr>\n<tr>\n<td width=\"170\">Social medicine, organization and economics of healthcare<\/td>\n<td width=\"217\">Prof. Ph.D.Sc. Suad Sivic<\/td>\n<td width=\"234\"><u>Assistant:<\/u><\/p>\n<p>Elma Kuduzovi\u0107, MD<\/td>\n<\/tr>\n<tr>\n<td width=\"170\">Epidemiology<\/td>\n<td width=\"217\">Prof. Ph.D.Sc. Ibrahim Alickovic*<\/p>\n<p>Prof. Ph.D.Sc. Sead Karakas<\/td>\n<td width=\"234\"><u>Practice expert: <\/u><\/p>\n<p>Muhamed Skomorac, MA<\/p>\n<p>Mahdi Br\u010daninovi\u0107, MD<\/td>\n<\/tr>\n<tr>\n<td width=\"170\">Health management<\/td>\n<td width=\"217\">Prof. Ph.D.Sc. Bori\u0161a Hrabac<\/td>\n<td width=\"234\"><u>Assistant:<\/u><\/p>\n<p>Nino Ali\u0107<\/td>\n<\/tr>\n<tr>\n<td width=\"170\">Nursing clinical skills III<\/td>\n<td width=\"217\">Prof. Ph.D.Sc. Harun Hodzic<\/p>\n<p>&nbsp;<\/td>\n<td width=\"234\"><u>Assistant<\/u><\/p>\n<p>Martina Maric<\/td>\n<\/tr>\n<tr>\n<td width=\"170\">Physical education\/elective<\/td>\n<td width=\"217\">Prof. Dr. Aleksa Stankovi\u0107<\/td>\n<td width=\"234\"><u>Practice expert:<\/u><\/p>\n<p>Kenan Ekmescic<\/td>\n<\/tr>\n<tr>\n<td width=\"170\">Human Resource Management\/Elective<\/td>\n<td width=\"217\">Prof. Dino Arnaut, PhD<\/td>\n<td width=\"234\">&#8211;<\/td>\n<\/tr>\n<tr>\n<td width=\"170\">Neurology with care II\/elective<\/td>\n<td width=\"217\">Prof. Ph.D.Sc. Edin Bjelo\u0161evi\u0107<\/td>\n<td width=\"234\">&#8211;<\/td>\n<\/tr>\n<\/tbody>\n<\/table>\n<p><strong>\u00a0<\/strong><strong>VI SEMESTER<\/strong><\/p>\n<p><strong>\u00a0<\/strong><\/p>\n<table width=\"643\">\n<tbody>\n<tr>\n<td width=\"161\"><strong>Subject<\/strong><\/td>\n<td width=\"227\"><strong>Teacher<\/strong><\/td>\n<td width=\"255\"><strong>Collaborator<\/strong><\/td>\n<\/tr>\n<tr>\n<td width=\"161\">Geriatrics with care<\/td>\n<td width=\"227\">prof. Ph.D.Sc. Belma Pojski\u0107<\/p>\n<p>Assistant Professor Vildana Torlak Arnautovi\u0107, Ph.D<\/td>\n<td width=\"255\"><u>expert in practice<\/u><\/p>\n<p>Selma \u010colakovi\u0107, MA<\/p>\n<p>Mirela Omerspahi\u0107, BA nurse<\/td>\n<\/tr>\n<tr>\n<td width=\"161\">Palliative care<\/td>\n<td width=\"227\">Assistant Professor Mirza Oru\u010d, Ph.D<\/td>\n<td width=\"255\"><u>Assistants:<\/u><\/p>\n<p>Belma Sljivo, MA<\/p>\n<p>Martina Grabovac, graduate med nurse<\/p>\n<p>Amina Helvida, MA<\/td>\n<\/tr>\n<tr>\n<td width=\"161\">Intensive and post-intensive care<\/td>\n<td width=\"227\">Nermina Rizvanovi\u0107, PhD, assistant professor*<\/p>\n<p>Mirza Kova\u010devi\u0107, PhD, assistant professor<\/td>\n<td width=\"255\"><u>Practice expert: <\/u><\/p>\n<p>Alma Genc, BA nurse<\/p>\n<p>South Pole, MA<\/p>\n<p>M.Sc. Senada \u010cau\u0161evi\u0107, MD<\/td>\n<\/tr>\n<tr>\n<td width=\"161\">Oncology with care<\/p>\n<p>&nbsp;<\/p>\n<p>&nbsp;<\/td>\n<td width=\"227\">prof. Ph.D.Sc. Alma Meki\u0107-Abazovi\u0107<\/td>\n<td width=\"255\"><u>Senior Assistant:<\/u><\/p>\n<p>Elma Deliba\u0161i\u0107, MA<\/p>\n<p><u>experts from practice: <\/u><\/p>\n<p>Ernad Husakovi\u0107, Bachelor of Med Tech<\/p>\n<p>Amar Kondi\u0107, dip med tech<\/td>\n<\/tr>\n<tr>\n<td width=\"161\">Nursing clinical skills IV<\/td>\n<td width=\"227\">prof. Ph.D.Sc. Harun Hodzic<\/td>\n<td width=\"255\"><u>Assistant<\/u><\/p>\n<p>Martina Grabovac<\/td>\n<\/tr>\n<tr>\n<td width=\"161\">German language III \/ optional<\/td>\n<td width=\"227\">Prof. Dr. Sc. Amela \u0106urkovi\u0107<\/td>\n<td width=\"255\"><u>Assistant<\/u><\/p>\n<p>Emina Rushidovic<\/td>\n<\/tr>\n<tr>\n<td width=\"161\">English Language\/Elective<\/td>\n<td width=\"227\">Prof. Dr. Adnan Bujak<\/td>\n<td width=\"255\"><u>Assistant<\/u><\/p>\n<p>Angela Rados<\/td>\n<\/tr>\n<tr>\n<td width=\"161\">Traumatology with care\/elective<\/td>\n<td width=\"227\">prof. Ph.D.Sc. Rasim Skomorac<\/td>\n<td width=\"255\">&#8211;<\/td>\n<\/tr>\n<tr>\n<td width=\"161\">Nursing theories\/electives<\/td>\n<td width=\"227\">Assoc. Ph.D.Sc. Mirza Oruch<\/p>\n<p>&nbsp;<\/td>\n<td width=\"255\">&#8211;<\/td>\n<\/tr>\n<\/tbody>\n<\/table>\n<p><strong>\u00a0<\/strong><strong>\u00a0<\/strong><strong>VII SEMESTER<\/strong><\/p>\n<p><strong>\u00a0<\/strong><\/p>\n<table width=\"661\">\n<tbody>\n<tr>\n<td width=\"204\"><strong>Subject<\/strong><\/td>\n<td width=\"225\"><strong>Teacher <\/strong><\/td>\n<td width=\"233\"><strong>Collaborator<\/strong><\/td>\n<\/tr>\n<tr>\n<td width=\"204\">Infectious diseases with care<\/td>\n<td width=\"225\">Prof. Dr. Svjetlana Grgi\u0107*<\/p>\n<p>Prof. Dr. Sc. Jadranka Nikoli\u0107<\/td>\n<td width=\"233\"><u>Practice expert:<\/u><\/p>\n<p>Mersiha Arnaut, VMS<\/p>\n<p>Sabina \u010coli\u0107, graduate med nurse<\/td>\n<\/tr>\n<tr>\n<td width=\"204\">Family medicine with patronage<\/td>\n<td width=\"225\">Prof. Ph.D.Sc. Larisa Gavran<\/p>\n<p>Associate Professor Subhija Prasko, Ph.D<\/td>\n<td width=\"233\"><u>Senior Assistant<\/u><\/p>\n<p>Vedada Cerim, MA<\/p>\n<p><u>Practice expert:<\/u><\/p>\n<p>Aida Baru\u010dija, MA<\/p>\n<p>Belma Sal\u010dinovi\u0107, B.A. in Medical Technology<\/td>\n<\/tr>\n<tr>\n<td width=\"204\">Health education<\/td>\n<td width=\"225\">Prof. Ph.D.Sc. Adnan Mujezinovic<\/td>\n<td width=\"233\"><u>Assistant<\/u><\/p>\n<p>Belma Sljivo, MA<\/p>\n<p>Martina Grabovac<\/p>\n<p>Amina Helvida, MA*<\/td>\n<\/tr>\n<tr>\n<td width=\"204\">Nursing clinical skills V<\/td>\n<td width=\"225\">Assoc. Ph.D.Sc. Mirza Oruch<\/td>\n<td width=\"233\"><u>Assistant<\/u><\/p>\n<p>Belma Sljivo, MA<\/p>\n<p>Martina Grabovac<\/p>\n<p>Amina Helvida, MA*<\/td>\n<\/tr>\n<tr>\n<td width=\"204\">Introduction to NIR<\/td>\n<td width=\"225\">Prof. Ph.D.Sc. Larisa Gavran<\/p>\n<p>Kenan Galija\u0161evi\u0107, PhD, doc.<\/td>\n<td width=\"233\">Associate Professor Kenan Galija\u0161evi\u0107, Ph.D<\/td>\n<\/tr>\n<tr>\n<td width=\"204\">Entrepreneurship in healthcare \/ optional<\/td>\n<td width=\"225\">Prof. Dino Arnaut, PhD<\/p>\n<p><strong>\u00a0<\/strong><\/td>\n<td width=\"233\"><strong>&#8211;<\/strong><\/td>\n<\/tr>\n<tr>\n<td width=\"204\">English language \/ optional<\/td>\n<td width=\"225\">Prof. Dr. Adnan Bujak<\/td>\n<td width=\"233\"><u>Assistant<\/u><\/p>\n<p>Angela Rados<\/td>\n<\/tr>\n<tr>\n<td width=\"204\">German language IV<\/td>\n<td width=\"225\">Prof. Almina Lisi\u0161i\u0107 Hed\u017ei\u0107, Ph.D<\/td>\n<td width=\"233\"><u>Senior Assistant<\/u><\/p>\n<p>Lamija Ekinovi\u0107, MA<\/td>\n<\/tr>\n<tr>\n<td width=\"204\">History of medicine and nursing \/ optional<\/td>\n<td width=\"225\">Prof. Ph.D.Sc. Edin Selimovi\u0107<\/p>\n<p>Prof. Dr. Sc. Nino Hasanica<\/td>\n<td width=\"233\"><strong>&#8212;<\/strong><\/td>\n<\/tr>\n<\/tbody>\n<\/table>\n<p><strong>\u00a0<\/strong><\/p>\n<p><strong>\u00a0<\/strong><strong>\u00a0<\/strong><strong>VIII SEMESTER<\/strong><\/p>\n<table>\n<tbody>\n<tr>\n<td width=\"235\"><strong>Subject<\/strong><\/td>\n<td width=\"219\"><strong>Teacher <\/strong><\/td>\n<td width=\"194\"><strong>Collaborator<\/strong><\/td>\n<\/tr>\n<tr>\n<td width=\"235\">Hygiene and health ecology<\/td>\n<td width=\"219\">Prof. Nino Hasanica, PhD<\/td>\n<td width=\"194\"><u>Experts from practice<\/u><\/p>\n<p>Erna Terzi\u0107, MA<\/p>\n<p>Amela Zuki\u0107, MA<\/p>\n<p>Benjamin \u010cau\u0161evi\u0107, MA<\/td>\n<\/tr>\n<tr>\n<td width=\"235\">Dietetics<\/td>\n<td width=\"219\">Prof. Dr. Sc. Adnan Mujezinovi\u0107<\/p>\n<p>&nbsp;<\/td>\n<td width=\"194\">Jasmina Maru\u0161i\u0107, PhD, Assistant Professor<\/td>\n<\/tr>\n<tr>\n<td width=\"235\">Medical rehabilitation<\/td>\n<td width=\"219\">Prof. Ph.D.Sc. Edina Tanovi\u0107<\/td>\n<td width=\"194\"><u>Experts from practice<\/u><\/p>\n<p>Aida Vareslija, MSc<\/p>\n<p>Mladenka Rodi\u0107, B.Sc. in Physics<\/p>\n<p>Albin Ma\u0161i\u0107, B.Sc. in Physics<\/td>\n<\/tr>\n<tr>\n<td width=\"235\">Nursing clinical skills VI<\/td>\n<td width=\"219\">Prof. Dr. Sc. Adnan Mujezinovi\u0107<\/td>\n<td width=\"194\"><u>Assistant:<\/u><\/p>\n<p>Belma Sljivo, MA<\/td>\n<\/tr>\n<tr>\n<td width=\"235\">Physical education\/ Anatomy of sports<\/td>\n<td width=\"219\">Prof. Dr. Sc. Adnan Mujezinovi\u0107<\/p>\n<p>Associate Professor Kenan Galija\u0161evi\u0107, Ph.D<\/td>\n<td width=\"194\">&#8211;<\/p>\n<p>&nbsp;<\/td>\n<\/tr>\n<tr>\n<td width=\"235\">English language \/ optional<\/p>\n<p>&nbsp;<\/td>\n<td width=\"219\">Prof. Dr. Adnan Bujak<\/td>\n<td width=\"194\"><u>Assistant<\/u><\/p>\n<p>Angela Rados<\/td>\n<\/tr>\n<tr>\n<td width=\"235\">German language V\/Elective<\/p>\n<p>&nbsp;<\/td>\n<td width=\"219\">Prof. Dr. sc Belma Poli\u0107<\/td>\n<td width=\"194\"><u>Assistant<\/u><\/p>\n<p>Emina Rushidovic<\/td>\n<\/tr>\n<tr>\n<td width=\"235\">ENT\/ optional<\/p>\n<p>&nbsp;<\/td>\n<td width=\"219\">Associate Professor Merima Kasumovi\u0107, Ph.D<\/td>\n<td width=\"194\">&#8211;<\/td>\n<\/tr>\n<tr>\n<td width=\"235\">INTERNSHIP - MANDATORY<\/td>\n<td width=\"219\"><strong>&#8212;<\/strong><\/td>\n<td width=\"194\"><strong>&#8212;<\/strong><\/td>\n<\/tr>\n<tr>\n<td width=\"235\">GRADUATE WORK<\/td>\n<td width=\"219\"><strong>\u00a0<\/strong><\/td>\n<td width=\"194\"><strong>\u00a0<\/strong><\/td>\n<\/tr>\n<\/tbody>\n<\/table>\n<p>&nbsp;<\/p>\n<p style=\"text-align: center;\"><strong>TEACHING TEAM FOR SECOND CYCLE<\/strong><\/p>\n<p><strong>AND SEMESTER<\/strong><\/p>\n<table>\n<tbody>\n<tr>\n<td width=\"47\"><strong>R BR<\/strong><\/td>\n<td width=\"369\"><strong>Subject<\/strong><\/td>\n<td width=\"208\"><strong>Teacher<\/strong><\/td>\n<\/tr>\n<tr>\n<td width=\"47\">1.<\/td>\n<td width=\"369\">Methodology of scientific research work with biostatistics in health sciences<\/td>\n<td width=\"208\">Prof. Larisa Gavran, PhD*<\/p>\n<p>Prof. Dr. Sc. Suad Sivic<\/p>\n<p>Associate Professor Kenan Galija\u0161evi\u0107, Ph.D<\/td>\n<\/tr>\n<tr>\n<td width=\"47\">2.<\/td>\n<td width=\"369\">Advanced Ethical Practice in Health Care<\/p>\n<p><strong>\u00a0<\/strong><\/td>\n<td width=\"208\">Prof. Edin Selimovi\u0107, PhD*<\/p>\n<p>Prof. Dr. Mirza Oru\u010d<\/p>\n<p>Prof. Alma Meki\u0107 Abazovi\u0107, Ph.D<\/td>\n<\/tr>\n<tr>\n<td width=\"47\">3.<\/td>\n<td width=\"369\">Evidence-based Nursing<\/td>\n<td width=\"208\">Mirza Oru\u010d, PhD*<\/p>\n<p>Prof. Dejan Bokonji\u0107, Ph.D<\/td>\n<\/tr>\n<tr>\n<td width=\"47\">4.<\/td>\n<td width=\"369\">Management of human resources and quality in healthcare<\/p>\n<p><strong>\u00a0<\/strong><\/td>\n<td width=\"208\">Prof. Dino Arnaut, PhD*<\/p>\n<p>Prof. Dr. Sc. Sead Karaka\u0161<\/p>\n<p>Prof. Bori\u0161a Hrabac, Ph.D<\/td>\n<\/tr>\n<tr>\n<td width=\"47\">5.<\/td>\n<td width=\"369\">Health education, prevention and teaching in health care<\/p>\n<p><strong>\u00a0<\/strong><\/td>\n<td width=\"208\">Adnan Mujezinovi\u0107, Ph.D., Ph.D.*<\/p>\n<p>Prof. Dr. Sc. Irdina Drljevi\u0107<\/p>\n<p>Prof. Dr. Nino Hasanica<\/td>\n<\/tr>\n<\/tbody>\n<\/table>\n<p><strong>\u00a0<\/strong><\/p>\n<p><strong>II SEMESTER<\/strong><\/p>\n<table>\n<tbody>\n<tr>\n<td width=\"47\"><strong>R BR<\/strong><\/td>\n<td width=\"350\"><strong>Subject<\/strong><\/td>\n<td width=\"227\"><strong>Teacher<\/strong><\/td>\n<\/tr>\n<tr>\n<td width=\"47\">1.<\/td>\n<td width=\"350\">Chronic non-communicable diseases*<\/p>\n<p><strong>\u00a0<\/strong><\/td>\n<td width=\"227\">Prof. Dr. sc Belma Pojski\u0107*<\/p>\n<p>Ekrema Mujari\u0107, PhD, Assistant Professor<\/p>\n<p>Associate Professor Vildana Torlak Arnautovi\u0107, Ph.D<\/p>\n<p>Associate Professor Davorka Dautbegovi\u0107, Ph.D<\/td>\n<\/tr>\n<tr>\n<td width=\"47\">2.<\/td>\n<td width=\"350\">Advanced Clinical Practice*<\/p>\n<p><strong>\u00a0<\/strong><\/td>\n<td width=\"227\">Prof. Dr. Harun Hod\u017ei\u0107*<\/p>\n<p>Prof. Amir Denjali\u0107, Ph.D<\/p>\n<p>Ermin \u010cehi\u0107, Ph.D<\/p>\n<p>Associate Professor Nermina Rizvanovi\u0107, Ph.D<\/td>\n<\/tr>\n<tr>\n<td width=\"47\">3.<\/td>\n<td width=\"350\">Writing and publishing in English<\/p>\n<p>&nbsp;<\/td>\n<td width=\"227\">Prof. Dr. Adnan Bujak<\/td>\n<\/tr>\n<tr>\n<td width=\"47\">4.<\/td>\n<td width=\"350\">Documentation in the healthcare process*<\/p>\n<p><strong>\u00a0<\/strong><\/td>\n<td width=\"227\">Mirza Oru\u010d, PhD*<\/p>\n<p>Prof. Edin Selimovi\u0107, Ph.D<\/td>\n<\/tr>\n<tr>\n<td width=\"47\">5.<\/td>\n<td width=\"350\">Health care for persons with disabilities*<\/p>\n<p><strong>\u00a0<\/strong><\/td>\n<td width=\"227\">Prof. Dr. Sc. Edina Tanovi\u0107*<\/p>\n<p>Associate Professor Subhija Prasko, Ph.D<\/td>\n<\/tr>\n<tr>\n<td width=\"47\">6.<\/td>\n<td width=\"350\">Analysis of functional abilities of healthy and sick people*<\/td>\n<td width=\"227\">Kenan Galija\u0161evi\u0107, PhD, Assoc. Prof.*<\/p>\n<p>Prof. Dr. Sc. Adnan Mujezinovi\u0107<\/td>\n<\/tr>\n<tr>\n<td width=\"47\">7.<\/td>\n<td width=\"350\">Water, Food and Nutrition Management*<\/p>\n<p>&nbsp;<\/td>\n<td width=\"227\">Prof. Dr. Nino Hasanica*<\/p>\n<p>Prof. Dr. Amir Ibrahimagic<\/td>\n<\/tr>\n<tr>\n<td width=\"47\">8.<\/td>\n<td width=\"350\">Modern laboratory methods in molecular diagnosis of diseases*<\/td>\n<td width=\"227\">Prof. PhD Amir Ibrahimagi\u0107*,<\/p>\n<p>Prof. Edhem Haskovi\u0107, PhD<\/p>\n<p>Associate Professor Sabina \u0160esti\u0107, Ph.D<\/p>\n<p>Associate Professor Jasmina Vale Maru\u0161i\u0107, Ph.D<\/td>\n<\/tr>\n<\/tbody>\n<\/table>\n<p>&nbsp;<\/p>","protected":false},"excerpt":{"rendered":"<p>STUDY PROGRAM: HEALTH CARE I SEMESTER Subject Teacher Associate Anatomy and Histology Prof. Dr. Sc Amir Denjali\u0107* Prof. Dr. Sc Adnan Mujezinovi\u0107 Assoc. Prof. Dr. Sc Kenan Galija\u0161evi\u0107 Prof. Dr. Sc Adnan Mujezinovi\u0107 Assoc. Prof. Dr. Sc Kenan Galija\u0161evi\u0107 Principles\u2026<\/p>","protected":false},"author":1,"featured_media":0,"parent":0,"menu_order":0,"comment_status":"closed","ping_status":"closed","template":"","meta":{"footnotes":""},"class_list":["post-63","page","type-page","status-publish","hentry","entry","no-media"],"_links":{"self":[{"href":"https:\/\/medf.unze.ba\/en\/wp-json\/wp\/v2\/pages\/63","targetHints":{"allow":["GET"]}}],"collection":[{"href":"https:\/\/medf.unze.ba\/en\/wp-json\/wp\/v2\/pages"}],"about":[{"href":"https:\/\/medf.unze.ba\/en\/wp-json\/wp\/v2\/types\/page"}],"author":[{"embeddable":true,"href":"https:\/\/medf.unze.ba\/en\/wp-json\/wp\/v2\/users\/1"}],"replies":[{"embeddable":true,"href":"https:\/\/medf.unze.ba\/en\/wp-json\/wp\/v2\/comments?post=63"}],"version-history":[{"count":7,"href":"https:\/\/medf.unze.ba\/en\/wp-json\/wp\/v2\/pages\/63\/revisions"}],"predecessor-version":[{"id":2197,"href":"https:\/\/medf.unze.ba\/en\/wp-json\/wp\/v2\/pages\/63\/revisions\/2197"}],"wp:attachment":[{"href":"https:\/\/medf.unze.ba\/en\/wp-json\/wp\/v2\/media?parent=63"}],"curies":[{"name":"wp","href":"https:\/\/api.w.org\/{rel}","templated":true}]}}