{"id":84,"date":"2016-10-09T06:00:02","date_gmt":"2016-10-09T06:00:02","guid":{"rendered":"https:\/\/medf.unze.ba\/?page_id=84"},"modified":"2026-01-26T09:37:37","modified_gmt":"2026-01-26T09:37:37","slug":"osoblje","status":"publish","type":"page","link":"https:\/\/medf.unze.ba\/en\/staff\/","title":{"rendered":"Staff"},"content":{"rendered":"<div class=\"vc_row wpb_row vc_row-fluid\"><div class=\"wpb_column vc_column_container vc_col-sm-6\"><div class=\"vc_column-inner\"><div class=\"wpb_wrapper\">\n\t<div class=\"wpb_text_column wpb_content_element\" >\n\t\t<div class=\"wpb_wrapper\">\n\t\t\t<p><strong>Dean:<\/strong><br \/>\n<a href=\"https:\/\/medf.unze.ba\/wp-content\/uploads\/2018\/04\/Doc-dr-sc-Harun-Hod\u017ei\u0107.pdf\">prof. Ph.D. sc. Harun Hodzic<\/a><br \/>\ncontact e-mail: harun.hodzic@unze.ba<\/p>\n<p><strong>Vice Dean for Teaching and Student Affairs:<\/strong><br \/>\n<a href=\"https:\/\/medf.unze.ba\/wp-content\/uploads\/2024\/05\/Adnan-Mujezinovic-CV.pdf\">prof. Ph.D. sc. Adnan Mujezinovic<\/a><br \/>\ncontact e-mail: adnan.mujezinovic@unze.ba<\/p>\n<p><strong>Vice Dean for Scientific Research:<\/strong><br \/>\n<a href=\"https:\/\/medf.unze.ba\/wp-content\/uploads\/2026\/01\/prof.-dr-sc-Mirza-Oruc.pdf\">prof. dr sc Mirza Oru\u010d<\/a><br \/>\ncontact e-mail: mirza.oruc@unze.ba<\/p>\n\n\t\t<\/div>\n\t<\/div>\n<\/div><\/div><\/div><div class=\"wpb_column vc_column_container vc_col-sm-6\"><div class=\"vc_column-inner\"><div class=\"wpb_wrapper\">\n\t<div class=\"wpb_text_column wpb_content_element\" >\n\t\t<div class=\"wpb_wrapper\">\n\t\t\t<p>prof. Ph.D. sc. Amir Denjali\u0107<br \/>\ncontact e-mail: amir.denjalic@unze.ba<\/p>\n<p>Assoc. Ph.D. sc. Ermin \u010cehi\u0107<br \/>\ncontact e-mail: ermin.cehic@unze.ba<\/p>\n<p><a href=\"https:\/\/medf.unze.ba\/wp-content\/uploads\/2023\/02\/Doc-dr-sc-Kenan-Galijasevic.pdf\">Associate Professor Kenan Galija\u0161evi\u0107, Ph.D<\/a><\/p>\n<p>QA manager OJ<br \/>\ncontact e-mail: kenan.galijasevic@unze.ba<\/p>\n<p>Senior Assistants:<\/p>\n<p><a href=\"https:\/\/medf.unze.ba\/wp-content\/uploads\/2023\/02\/mr-sc-Jasmina-Marusic.pdf\">MSc Jasmina Maru\u0161i\u0107<\/a><br \/>\ncontact e-mail: jasmina.marusic@unze.ba<\/p>\n<p>Assistants:<br \/>\n<a href=\"https:\/\/medf.unze.ba\/wp-content\/uploads\/2023\/02\/Martina-Grabovac-dipl-med-sestra.pdf\">Martina Grabovac, graduate med nurse<\/a><br \/>\ncontact e-mail: martina.grabovac@unze.ba<\/p>\n<p><a href=\"https:\/\/medf.unze.ba\/wp-content\/uploads\/2023\/02\/Amina-Helvida-dipl-med-sestra.pdf\">Amina Helvida, BA nurse<\/a><br \/>\ncontact e-mail: amina.helvida@unze.ba<\/p>\n<p><a href=\"https:\/\/medf.unze.ba\/wp-content\/uploads\/2023\/02\/Belma-SljivoMA.pdf\">Belma Sljivo, MA<\/a><br \/>\ncontact e-mail: belma.sljivo@unze.ba<\/p>\n<p>&nbsp;<\/p>\n<p>M.Sc. sc. Adisa Krehmi\u0107, B.Sc<br \/>\nFaculty secretary<br \/>\nECT(A)S coordinator OJ<br \/>\ncontact e-mail: adisa.krehmic@unze.ba<\/p>\n<p>Mirela Hrnjadovi\u0107, professor of classroom teaching<br \/>\nHead of student services<br \/>\ncontact e-mail: mirela.hrnjadovic@unze.ba<\/p>\n<p>Alem Pripoljac<br \/>\nStudent affairs officer<br \/>\ncontact e-mail: alem.pripoljac@unze.ba<\/p>\n<p>Edina Uzunovi\u0107<br \/>\nTechnical Secretary<br \/>\ncontact e-mail: edina.uzunovi\u0107@unze.ba<\/p>\n\n\t\t<\/div>\n\t<\/div>\n<\/div><\/div><\/div><div class=\"wpb_column vc_column_container vc_col-sm-12\"><div class=\"vc_column-inner\"><div class=\"wpb_wrapper\">\n\t<div class=\"wpb_text_column wpb_content_element\" >\n\t\t<div class=\"wpb_wrapper\">\n\t\t\t<p style=\"text-align: center;\">Contact details:<br \/>\nSwitchboard: 00387 32 444 780<br \/>\nStudent service: 00387 32 444 781<\/p>\n<p style=\"text-align: center;\">e-mail: medicinski@unze.ba<br \/>\nAddress: Travni\u010dka cesta 1, 72000 Zenica, BiH<\/p>\n\n\t\t<\/div>\n\t<\/div>\n<\/div><\/div><\/div><\/div>","protected":false},"excerpt":{"rendered":"Dekan: prof. dr. sc. Harun Hod\u017ei\u0107 kontakt e-mail: harun.hodzic@unze.ba Prodekan za nastavu i studentska pitanja: prof. dr. sc. Adnan Mujezinovi\u0107 kontakt e-mail: adnan.mujezinovic@unze.ba Prodekan za Nau\u010dno-istra\u017eiva\u010dki rad: prof. dr sc Mirza Oru\u010d kontakt e-mail: mirza.oruc@unze.ba prof. dr. sc. Amir Denjali\u0107&hellip;","protected":false},"author":1,"featured_media":0,"parent":0,"menu_order":0,"comment_status":"closed","ping_status":"closed","template":"","meta":{"footnotes":""},"class_list":["post-84","page","type-page","status-publish","hentry","entry","no-media"],"_links":{"self":[{"href":"https:\/\/medf.unze.ba\/en\/wp-json\/wp\/v2\/pages\/84","targetHints":{"allow":["GET"]}}],"collection":[{"href":"https:\/\/medf.unze.ba\/en\/wp-json\/wp\/v2\/pages"}],"about":[{"href":"https:\/\/medf.unze.ba\/en\/wp-json\/wp\/v2\/types\/page"}],"author":[{"embeddable":true,"href":"https:\/\/medf.unze.ba\/en\/wp-json\/wp\/v2\/users\/1"}],"replies":[{"embeddable":true,"href":"https:\/\/medf.unze.ba\/en\/wp-json\/wp\/v2\/comments?post=84"}],"version-history":[{"count":32,"href":"https:\/\/medf.unze.ba\/en\/wp-json\/wp\/v2\/pages\/84\/revisions"}],"predecessor-version":[{"id":2223,"href":"https:\/\/medf.unze.ba\/en\/wp-json\/wp\/v2\/pages\/84\/revisions\/2223"}],"wp:attachment":[{"href":"https:\/\/medf.unze.ba\/en\/wp-json\/wp\/v2\/media?parent=84"}],"curies":[{"name":"wp","href":"https:\/\/api.w.org\/{rel}","templated":true}]}}